{"id":316,"date":"2017-09-18T04:38:40","date_gmt":"2017-09-18T04:38:40","guid":{"rendered":"https:\/\/victorthemes.com\/themes\/elate\/\/?page_id=316"},"modified":"2025-04-26T01:28:36","modified_gmt":"2025-04-26T01:28:36","slug":"invoclic-plex","status":"publish","type":"page","link":"https:\/\/invoclic.com\/site\/","title":{"rendered":"Inicio"},"content":{"rendered":"\t\t<div data-elementor-type=\"wp-post\" data-elementor-id=\"316\" class=\"elementor elementor-316\" data-elementor-settings=\"[]\">\n\t\t\t\t\t\t\t<div class=\"elementor-section-wrap\">\n\t\t\t\t\t\t\t<section class=\"elementor-section elementor-top-section elementor-element elementor-element-628xvuv elementor-section-stretched elementor-section-boxed elementor-section-height-default elementor-section-height-default elementor-invisible\" data-id=\"628xvuv\" data-element_type=\"section\" data-settings=\"{&quot;stretch_section&quot;:&quot;section-stretched&quot;,&quot;background_background&quot;:&quot;classic&quot;,&quot;animation&quot;:&quot;fadeIn&quot;}\">\n\t\t\t\t\t\t\t<div class=\"elementor-background-overlay\"><\/div>\n\t\t\t\t\t\t\t<div class=\"elementor-container elementor-column-gap-default\">\n\t\t\t\t\t<div class=\"elementor-column elementor-col-100 elementor-top-column elementor-element elementor-element-7bla470\" data-id=\"7bla470\" data-element_type=\"column\">\n\t\t\t<div class=\"elementor-widget-wrap elementor-element-populated\">\n\t\t\t\t\t\t\t\t<div class=\"elementor-element elementor-element-h8aq6mt elementor-widget elementor-widget-text-editor\" data-id=\"h8aq6mt\" data-element_type=\"widget\" data-widget_type=\"text-editor.default\">\n\t\t\t\t<div class=\"elementor-widget-container\">\n\t\t\t\t\t\t\t\t<h1 style=\"text-align: center;\"><span style=\"font-size: 27px; color: #ffffff;\">Soluci\u00f3n de timbrado \/ Facturaci\u00f3n electr\u00f3nica y administraci\u00f3n de cuentas por pagar dise\u00f1ado<br \/>especialmente para<\/span><\/h1><h2 style=\"text-align: center;\"><span style=\"font-size: 47px; color: #ffffff;\">ERP PLEX<\/span><\/h2>\t\t\t\t\t\t<\/div>\n\t\t\t\t<\/div>\n\t\t\t\t<div class=\"elementor-element elementor-element-7eb86fd elementor-align-center elementor-widget elementor-widget-button\" data-id=\"7eb86fd\" data-element_type=\"widget\" data-widget_type=\"button.default\">\n\t\t\t\t<div class=\"elementor-widget-container\">\n\t\t\t\t\t<div class=\"elementor-button-wrapper\">\n\t\t\t<a href=\"https:\/\/invoclic.com\/site\/agendar-demostracion-de-invoclic\/\" class=\"elementor-button-link elementor-button elementor-size-lg\" role=\"button\">\n\t\t\t\t\t\t<span class=\"elementor-button-content-wrapper\">\n\t\t\t\t\t\t<span class=\"elementor-button-text\">Agendar Demostraci\u00f3n de InvoClic<\/span>\n\t\t<\/span>\n\t\t\t\t\t<\/a>\n\t\t<\/div>\n\t\t\t\t<\/div>\n\t\t\t\t<\/div>\n\t\t\t\t<section class=\"elementor-section elementor-inner-section elementor-element elementor-element-4433028 elementor-section-boxed elementor-section-height-default elementor-section-height-default\" data-id=\"4433028\" data-element_type=\"section\">\n\t\t\t\t\t\t<div class=\"elementor-container elementor-column-gap-default\">\n\t\t\t\t\t<div class=\"elementor-column elementor-col-100 elementor-inner-column elementor-element elementor-element-a62b522\" data-id=\"a62b522\" data-element_type=\"column\">\n\t\t\t<div class=\"elementor-widget-wrap elementor-element-populated\">\n\t\t\t\t\t\t\t\t<div class=\"elementor-element elementor-element-9a4bb88 elementor-widget elementor-widget-heading\" data-id=\"9a4bb88\" data-element_type=\"widget\" data-widget_type=\"heading.default\">\n\t\t\t\t<div class=\"elementor-widget-container\">\n\t\t\t<h2 class=\"elementor-heading-title elementor-size-medium\">Desarrollado por<\/h2>\t\t<\/div>\n\t\t\t\t<\/div>\n\t\t\t\t\t<\/div>\n\t\t<\/div>\n\t\t\t\t\t\t\t<\/div>\n\t\t<\/section>\n\t\t\t\t<section class=\"elementor-section elementor-inner-section elementor-element elementor-element-ad15cef elementor-section-boxed elementor-section-height-default elementor-section-height-default\" data-id=\"ad15cef\" data-element_type=\"section\">\n\t\t\t\t\t\t<div class=\"elementor-container elementor-column-gap-default\">\n\t\t\t\t\t<div class=\"elementor-column elementor-col-100 elementor-inner-column elementor-element elementor-element-97d0f6e\" data-id=\"97d0f6e\" data-element_type=\"column\">\n\t\t\t<div class=\"elementor-widget-wrap elementor-element-populated\">\n\t\t\t\t\t\t\t\t<div class=\"elementor-element elementor-element-4117f61 elementor-invisible elementor-widget elementor-widget-image\" data-id=\"4117f61\" data-element_type=\"widget\" data-settings=\"{&quot;_animation&quot;:&quot;fadeIn&quot;}\" data-widget_type=\"image.default\">\n\t\t\t\t<div class=\"elementor-widget-container\">\n\t\t\t\t\t\t\t\t\t\t\t\t\t\t\t\t<a href=\"https:\/\/malagonerp.com\/\" target=\"_blank\">\n\t\t\t\t\t\t\t<img loading=\"lazy\" decoding=\"async\" width=\"513\" height=\"147\" src=\"https:\/\/invoclic.com\/site\/wp-content\/uploads\/2025\/04\/Captura-de-pantalla-2025-04-25-a-las-7.19.46\u202fp.m.png\" class=\"attachment-large size-large\" alt=\"\" srcset=\"https:\/\/invoclic.com\/site\/wp-content\/uploads\/2025\/04\/Captura-de-pantalla-2025-04-25-a-las-7.19.46\u202fp.m.png 513w, https:\/\/invoclic.com\/site\/wp-content\/uploads\/2025\/04\/Captura-de-pantalla-2025-04-25-a-las-7.19.46\u202fp.m-300x86.png 300w, https:\/\/invoclic.com\/site\/wp-content\/uploads\/2025\/04\/Captura-de-pantalla-2025-04-25-a-las-7.19.46\u202fp.m-350x100.png 350w\" sizes=\"auto, (max-width: 513px) 100vw, 513px\" \/>\t\t\t\t\t\t\t\t<\/a>\n\t\t\t\t\t\t\t\t\t\t\t\t\t\t\t<\/div>\n\t\t\t\t<\/div>\n\t\t\t\t\t<\/div>\n\t\t<\/div>\n\t\t\t\t\t\t\t<\/div>\n\t\t<\/section>\n\t\t\t\t\t<\/div>\n\t\t<\/div>\n\t\t\t\t\t\t\t<\/div>\n\t\t<\/section>\n\t\t\t\t<section class=\"elementor-section elementor-top-section elementor-element elementor-element-40a3524 elementor-section-boxed elementor-section-height-default elementor-section-height-default\" data-id=\"40a3524\" data-element_type=\"section\">\n\t\t\t\t\t\t<div class=\"elementor-container elementor-column-gap-default\">\n\t\t\t\t\t<div class=\"elementor-column elementor-col-33 elementor-top-column elementor-element elementor-element-f4a9249\" data-id=\"f4a9249\" data-element_type=\"column\">\n\t\t\t<div class=\"elementor-widget-wrap elementor-element-populated\">\n\t\t\t\t\t\t\t\t<div class=\"elementor-element elementor-element-efaf8c0 elementor-widget elementor-widget-vt-elate_services\" data-id=\"efaf8c0\" data-element_type=\"widget\" data-settings=\"{&quot;service_image&quot;:{&quot;url&quot;:&quot;https:\\\/\\\/invoclic.com\\\/site\\\/wp-content\\\/uploads\\\/2021\\\/07\\\/timbrado.png&quot;,&quot;id&quot;:2546}}\" data-widget_type=\"vt-elate_services.default\">\n\t\t\t\t<div class=\"elementor-widget-container\">\n\t\t\t<div class=\"eclt-service service-style-two\"><a href=\"#0\"  ><div class=\"service-image\"><img decoding=\"async\" src=\"https:\/\/invoclic.com\/site\/wp-content\/uploads\/2021\/07\/timbrado.png\" alt=\"timbrado para PLEX\"><\/div><\/a><h3 class=\"service-heading\"><a href=\"#0\"  >Timbrado<\/a><\/h3><p>Timbrado consumiendo la informaci\u00f3n directamente de PLEX por medio de Web Service \u00f3 archivos csv<\/p><a href=\"#0\"   class=\"service-more\"><\/a><\/div>\t\t<\/div>\n\t\t\t\t<\/div>\n\t\t\t\t\t<\/div>\n\t\t<\/div>\n\t\t\t\t<div class=\"elementor-column elementor-col-33 elementor-top-column elementor-element elementor-element-df99ba6\" data-id=\"df99ba6\" data-element_type=\"column\">\n\t\t\t<div class=\"elementor-widget-wrap elementor-element-populated\">\n\t\t\t\t\t\t\t\t<div class=\"elementor-element elementor-element-3b1b788 elementor-widget elementor-widget-vt-elate_services\" data-id=\"3b1b788\" data-element_type=\"widget\" data-settings=\"{&quot;service_image&quot;:{&quot;url&quot;:&quot;https:\\\/\\\/invoclic.com\\\/site\\\/wp-content\\\/uploads\\\/2021\\\/07\\\/conta-electronica.png&quot;,&quot;id&quot;:2549}}\" data-widget_type=\"vt-elate_services.default\">\n\t\t\t\t<div class=\"elementor-widget-container\">\n\t\t\t<div class=\"eclt-service service-style-two\"><a href=\"#0\"  ><div class=\"service-image\"><img decoding=\"async\" src=\"https:\/\/invoclic.com\/site\/wp-content\/uploads\/2021\/07\/conta-electronica.png\" alt=\"Contabilidad electronica del SAT para PLEX\"><\/div><\/a><h3 class=\"service-heading\"><a href=\"#0\"  >Contabilidad Electr\u00f3nica<\/a><\/h3><p>Genera de manera f\u00e1cil y r\u00e1pida la contabilidad electr\u00f3nica genera los archivos para subirlos al SAT<\/p><a href=\"#0\"   class=\"service-more\"><\/a><\/div>\t\t<\/div>\n\t\t\t\t<\/div>\n\t\t\t\t\t<\/div>\n\t\t<\/div>\n\t\t\t\t<div class=\"elementor-column elementor-col-33 elementor-top-column elementor-element elementor-element-f193cb1\" data-id=\"f193cb1\" data-element_type=\"column\">\n\t\t\t<div class=\"elementor-widget-wrap elementor-element-populated\">\n\t\t\t\t\t\t\t\t<div class=\"elementor-element elementor-element-04749d9 elementor-widget elementor-widget-vt-elate_services\" data-id=\"04749d9\" data-element_type=\"widget\" data-settings=\"{&quot;service_image&quot;:{&quot;url&quot;:&quot;https:\\\/\\\/invoclic.com\\\/site\\\/wp-content\\\/uploads\\\/2021\\\/07\\\/cxp1.png&quot;,&quot;id&quot;:2548}}\" data-widget_type=\"vt-elate_services.default\">\n\t\t\t\t<div class=\"elementor-widget-container\">\n\t\t\t<div class=\"eclt-service service-style-two\"><a href=\"#0\"  ><div class=\"service-image\"><img decoding=\"async\" src=\"https:\/\/invoclic.com\/site\/wp-content\/uploads\/2021\/07\/cxp1.png\" alt=\"Administracion de cuentas por pagar en PLEX\"><\/div><\/a><h3 class=\"service-heading\"><a href=\"#0\"  >Administraci\u00f3n de Cuentas por Pagar<\/a><\/h3><p>Administrar de forma sencilla las cuentas por pagar de tus proveedores que se validen directamente el ERP PLEX<\/p><a href=\"#0\"   class=\"service-more\"><\/a><\/div>\t\t<\/div>\n\t\t\t\t<\/div>\n\t\t\t\t\t<\/div>\n\t\t<\/div>\n\t\t\t\t\t\t\t<\/div>\n\t\t<\/section>\n\t\t\t\t<section class=\"elementor-section elementor-top-section elementor-element elementor-element-bdjhgpx elementor-section-boxed elementor-section-height-default elementor-section-height-default\" data-id=\"bdjhgpx\" data-element_type=\"section\">\n\t\t\t\t\t\t<div class=\"elementor-container elementor-column-gap-default\">\n\t\t\t\t\t<div class=\"elementor-column elementor-col-100 elementor-top-column elementor-element elementor-element-siuspha\" data-id=\"siuspha\" data-element_type=\"column\">\n\t\t\t<div class=\"elementor-widget-wrap elementor-element-populated\">\n\t\t\t\t\t\t\t\t<div class=\"elementor-element elementor-element-434bab9 elementor-widget elementor-widget-vt-elate_client\" data-id=\"434bab9\" data-element_type=\"widget\" data-widget_type=\"vt-elate_client.default\">\n\t\t\t\t<div class=\"elementor-widget-container\">\n\t\t\t<div class=\"eclt-clients\">\n\t\t\t\t\t\t\t\t<div class=\"owl-carousel\"  data-loop=\"true\" data-items=\"5\" data-margin=\"30\" data-dots=\"false\" data-nav=\"false\" data-autoplay-timeout=\"5000\" data-autoplay=\"true\" data-mouse-drag=\"true\" data-items-tablet=\"3\" data-items-mobile-landscape=\"2\" data-items-mobile-portrait=\"1\"><div class=\"item\"><div class=\"client-item\"><div class=\"eclt-image\"><a href=\"#0\"  ><img decoding=\"async\" src=\"https:\/\/invoclic.com\/site\/wp-content\/uploads\/2024\/04\/AcewayWeb.png\" alt=\"Aceway\" style=\"width: 145px; height: 65px;\"><\/a><\/div><\/div><\/div><div class=\"item\"><div class=\"client-item\"><div class=\"eclt-image\"><img decoding=\"async\" src=\"https:\/\/invoclic.com\/site\/wp-content\/uploads\/2024\/04\/Yamada-Vistamex-Web.png\" alt=\"Yamada-VIstamex\" style=\"width: 145px; height: 65px;\"><\/div><\/div><\/div><div class=\"item\"><div class=\"client-item\"><div class=\"eclt-image\"><img decoding=\"async\" src=\"https:\/\/invoclic.com\/site\/wp-content\/uploads\/2024\/04\/Servicios-Vistamex.png\" alt=\"Servicios Vistamex\" style=\"width: 145px; height: 65px;\"><\/div><\/div><\/div><div class=\"item\"><div class=\"client-item\"><div class=\"eclt-image\"><img decoding=\"async\" src=\"https:\/\/invoclic.com\/site\/wp-content\/uploads\/2024\/04\/Mpi-Mexico-Maquiladora.png\" alt=\"MPI M\u00e9xico\" style=\"width: 145px; height: 65px;\"><\/div><\/div><\/div><div class=\"item\"><div class=\"client-item\"><div class=\"eclt-image\"><img decoding=\"async\" src=\"https:\/\/invoclic.com\/site\/wp-content\/uploads\/2021\/07\/mpitrading.png\" alt=\"MPI Trading\" style=\"width: 145px; height: 65px;\"><\/div><\/div><\/div><div class=\"item\"><div class=\"client-item\"><div class=\"eclt-image\"><img decoding=\"async\" src=\"https:\/\/invoclic.com\/site\/wp-content\/uploads\/2024\/04\/Scanpaint-Mexico.png\" alt=\"Scanpaint\" style=\"width: 145px; height: 65px;\"><\/div><\/div><\/div><\/div><\/div>\t\t<\/div>\n\t\t\t\t<\/div>\n\t\t\t\t\t<\/div>\n\t\t<\/div>\n\t\t\t\t\t\t\t<\/div>\n\t\t<\/section>\n\t\t\t\t<section class=\"elementor-section elementor-top-section elementor-element elementor-element-l1fdoes elementor-section-stretched elementor-section-boxed elementor-section-height-default elementor-section-height-default\" data-id=\"l1fdoes\" data-element_type=\"section\" data-settings=\"{&quot;stretch_section&quot;:&quot;section-stretched&quot;,&quot;background_background&quot;:&quot;classic&quot;}\">\n\t\t\t\t\t\t\t<div class=\"elementor-background-overlay\"><\/div>\n\t\t\t\t\t\t\t<div class=\"elementor-container elementor-column-gap-default\">\n\t\t\t\t\t<div class=\"elementor-column elementor-col-100 elementor-top-column elementor-element elementor-element-jd1wkox\" data-id=\"jd1wkox\" data-element_type=\"column\">\n\t\t\t<div class=\"elementor-widget-wrap\">\n\t\t\t\t\t\t\t\t\t<\/div>\n\t\t<\/div>\n\t\t\t\t\t\t\t<\/div>\n\t\t<\/section>\n\t\t\t\t\t\t<\/div>\n\t\t\t\t\t<\/div>\n\t\t","protected":false},"excerpt":{"rendered":"Soluci\u00f3n de timbrado \/ Facturaci\u00f3n electr\u00f3nica y administraci\u00f3n de cuentas por pagar dise\u00f1adoespecialmente para ERP PLEX Agendar Demostraci\u00f3n de InvoClic Desarrollado por Timbrado Timbrado consumiendo la informaci\u00f3n directamente de PLEX por medio de Web Service \u00f3 archivos csv Contabilidad Electr\u00f3nica Genera de manera f\u00e1cil y r\u00e1pida la contabilidad electr\u00f3nica genera los archivos para subirlos al[&#8230;]","protected":false},"author":1,"featured_media":0,"parent":0,"menu_order":0,"comment_status":"closed","ping_status":"closed","template":"","meta":{"_monsterinsights_skip_tracking":false,"_monsterinsights_sitenote_active":false,"_monsterinsights_sitenote_note":"","_monsterinsights_sitenote_category":0,"footnotes":""},"class_list":["post-316","page","type-page","status-publish","hentry"],"aioseo_notices":[],"_links":{"self":[{"href":"https:\/\/invoclic.com\/site\/wp-json\/wp\/v2\/pages\/316","targetHints":{"allow":["GET"]}}],"collection":[{"href":"https:\/\/invoclic.com\/site\/wp-json\/wp\/v2\/pages"}],"about":[{"href":"https:\/\/invoclic.com\/site\/wp-json\/wp\/v2\/types\/page"}],"author":[{"embeddable":true,"href":"https:\/\/invoclic.com\/site\/wp-json\/wp\/v2\/users\/1"}],"replies":[{"embeddable":true,"href":"https:\/\/invoclic.com\/site\/wp-json\/wp\/v2\/comments?post=316"}],"version-history":[{"count":207,"href":"https:\/\/invoclic.com\/site\/wp-json\/wp\/v2\/pages\/316\/revisions"}],"predecessor-version":[{"id":2745,"href":"https:\/\/invoclic.com\/site\/wp-json\/wp\/v2\/pages\/316\/revisions\/2745"}],"wp:attachment":[{"href":"https:\/\/invoclic.com\/site\/wp-json\/wp\/v2\/media?parent=316"}],"curies":[{"name":"wp","href":"https:\/\/api.w.org\/{rel}","templated":true}]}}