{"id":2462,"date":"2021-07-19T23:20:48","date_gmt":"2021-07-19T23:20:48","guid":{"rendered":"https:\/\/invoclic.com\/site\/?page_id=2462"},"modified":"2021-07-21T16:37:19","modified_gmt":"2021-07-21T16:37:19","slug":"administracion-de-facturas-de-proveedores","status":"publish","type":"page","link":"https:\/\/invoclic.com\/site\/administracion-de-facturas-de-proveedores\/","title":{"rendered":"Administraci\u00f3n de Cuentas por Pagar"},"content":{"rendered":"\t\t<div data-elementor-type=\"wp-page\" data-elementor-id=\"2462\" class=\"elementor elementor-2462\" data-elementor-settings=\"[]\">\n\t\t\t\t\t\t\t<div class=\"elementor-section-wrap\">\n\t\t\t\t\t\t\t<section class=\"elementor-section elementor-top-section elementor-element elementor-element-d5947c9 elementor-section-boxed elementor-section-height-default elementor-section-height-default\" data-id=\"d5947c9\" data-element_type=\"section\">\n\t\t\t\t\t\t<div class=\"elementor-container elementor-column-gap-default\">\n\t\t\t\t\t<div class=\"elementor-column elementor-col-100 elementor-top-column elementor-element elementor-element-208d0e8\" data-id=\"208d0e8\" data-element_type=\"column\">\n\t\t\t<div class=\"elementor-widget-wrap elementor-element-populated\">\n\t\t\t\t\t\t\t\t<div class=\"elementor-element elementor-element-88f700f elementor-widget elementor-widget-text-editor\" data-id=\"88f700f\" data-element_type=\"widget\" data-widget_type=\"text-editor.default\">\n\t\t\t\t<div class=\"elementor-widget-container\">\n\t\t\t\t\t\t\t\t<h4>Cuentas por Pagar<\/h4><div class=\"page\" title=\"Page 5\"><div class=\"section\"><div class=\"layoutArea\"><div class=\"column\"><p>Administrar de forma sencilla las cuentas por pagar de tus proveedores que se validen directamente con tu ERP PLEX.\u00a0Recibe facturas validadas ante SAT<\/p><\/div><\/div><\/div><\/div>\t\t\t\t\t\t<\/div>\n\t\t\t\t<\/div>\n\t\t\t\t\t<\/div>\n\t\t<\/div>\n\t\t\t\t\t\t\t<\/div>\n\t\t<\/section>\n\t\t\t\t<section class=\"elementor-section elementor-top-section elementor-element elementor-element-0dcb254 elementor-section-boxed elementor-section-height-default elementor-section-height-default\" data-id=\"0dcb254\" data-element_type=\"section\">\n\t\t\t\t\t\t<div class=\"elementor-container elementor-column-gap-default\">\n\t\t\t\t\t<div class=\"elementor-column elementor-col-50 elementor-top-column elementor-element elementor-element-59a97fb\" data-id=\"59a97fb\" data-element_type=\"column\">\n\t\t\t<div class=\"elementor-widget-wrap elementor-element-populated\">\n\t\t\t\t\t\t\t\t<div class=\"elementor-element elementor-element-9719913 elementor-widget elementor-widget-text-editor\" data-id=\"9719913\" data-element_type=\"widget\" data-widget_type=\"text-editor.default\">\n\t\t\t\t<div class=\"elementor-widget-container\">\n\t\t\t\t\t\t\t\t<ul><li><p>Registro de proveedores con su proceso de validaci\u00f3n documental<\/p><\/li><li><p>Validaci\u00f3n de factura que sean autenticas antes SAT y no esten listadas en la 69b<\/p><\/li><li><p>Administraci\u00f3n de facturas de los proveedores<\/p><\/li><li><p>Registro autom\u00e1tico de facturas pagadas esto consume desde PLEX<\/p><\/li><li><p>Administraci\u00f3n de complementos de pago de los proveedores<\/p><\/li><\/ul>\t\t\t\t\t\t<\/div>\n\t\t\t\t<\/div>\n\t\t\t\t\t<\/div>\n\t\t<\/div>\n\t\t\t\t<div class=\"elementor-column elementor-col-50 elementor-top-column elementor-element elementor-element-bfce8dd\" data-id=\"bfce8dd\" data-element_type=\"column\">\n\t\t\t<div class=\"elementor-widget-wrap elementor-element-populated\">\n\t\t\t\t\t\t\t\t<div class=\"elementor-element elementor-element-f613c6a elementor-widget elementor-widget-image\" data-id=\"f613c6a\" data-element_type=\"widget\" data-widget_type=\"image.default\">\n\t\t\t\t<div class=\"elementor-widget-container\">\n\t\t\t\t\t\t\t\t\t\t\t\t\t\t\t<img loading=\"lazy\" decoding=\"async\" width=\"546\" height=\"364\" src=\"https:\/\/invoclic.com\/site\/wp-content\/uploads\/2021\/07\/cxp-plex-e-invoclic.jpg\" class=\"attachment-large size-large\" alt=\"\" srcset=\"https:\/\/invoclic.com\/site\/wp-content\/uploads\/2021\/07\/cxp-plex-e-invoclic.jpg 546w, https:\/\/invoclic.com\/site\/wp-content\/uploads\/2021\/07\/cxp-plex-e-invoclic-300x200.jpg 300w, https:\/\/invoclic.com\/site\/wp-content\/uploads\/2021\/07\/cxp-plex-e-invoclic-440x293.jpg 440w\" sizes=\"auto, (max-width: 546px) 100vw, 546px\" \/>\t\t\t\t\t\t\t\t\t\t\t\t\t\t\t<\/div>\n\t\t\t\t<\/div>\n\t\t\t\t\t<\/div>\n\t\t<\/div>\n\t\t\t\t\t\t\t<\/div>\n\t\t<\/section>\n\t\t\t\t<section class=\"elementor-section elementor-top-section elementor-element elementor-element-308e4a7 elementor-section-boxed elementor-section-height-default elementor-section-height-default\" data-id=\"308e4a7\" data-element_type=\"section\">\n\t\t\t\t\t\t<div class=\"elementor-container elementor-column-gap-default\">\n\t\t\t\t\t<div class=\"elementor-column elementor-col-100 elementor-top-column elementor-element elementor-element-a52d0fe\" data-id=\"a52d0fe\" data-element_type=\"column\">\n\t\t\t<div class=\"elementor-widget-wrap elementor-element-populated\">\n\t\t\t\t\t\t\t\t<div class=\"elementor-element elementor-element-28c9bf7 elementor-align-center elementor-widget elementor-widget-button\" data-id=\"28c9bf7\" data-element_type=\"widget\" data-widget_type=\"button.default\">\n\t\t\t\t<div class=\"elementor-widget-container\">\n\t\t\t\t\t<div class=\"elementor-button-wrapper\">\n\t\t\t<a href=\"https:\/\/invoclic.com\/site\/agendar-demostracion-de-invoclic\/\" class=\"elementor-button-link elementor-button elementor-size-sm\" role=\"button\">\n\t\t\t\t\t\t<span class=\"elementor-button-content-wrapper\">\n\t\t\t\t\t\t<span class=\"elementor-button-text\">Agenda Demostraci\u00f3n de InvoClic<\/span>\n\t\t<\/span>\n\t\t\t\t\t<\/a>\n\t\t<\/div>\n\t\t\t\t<\/div>\n\t\t\t\t<\/div>\n\t\t\t\t\t<\/div>\n\t\t<\/div>\n\t\t\t\t\t\t\t<\/div>\n\t\t<\/section>\n\t\t\t\t\t\t<\/div>\n\t\t\t\t\t<\/div>\n\t\t","protected":false},"excerpt":{"rendered":"Cuentas por Pagar Administrar de forma sencilla las cuentas por pagar de tus proveedores que se validen directamente con tu ERP PLEX.\u00a0Recibe facturas validadas ante SAT Registro de proveedores con su proceso de validaci\u00f3n documental Validaci\u00f3n de factura que sean autenticas antes SAT y no esten listadas en la 69b Administraci\u00f3n de facturas de los[&#8230;]","protected":false},"author":1,"featured_media":0,"parent":0,"menu_order":0,"comment_status":"closed","ping_status":"closed","template":"","meta":{"_monsterinsights_skip_tracking":false,"_monsterinsights_sitenote_active":false,"_monsterinsights_sitenote_note":"","_monsterinsights_sitenote_category":0,"footnotes":""},"class_list":["post-2462","page","type-page","status-publish","hentry"],"aioseo_notices":[],"_links":{"self":[{"href":"https:\/\/invoclic.com\/site\/wp-json\/wp\/v2\/pages\/2462","targetHints":{"allow":["GET"]}}],"collection":[{"href":"https:\/\/invoclic.com\/site\/wp-json\/wp\/v2\/pages"}],"about":[{"href":"https:\/\/invoclic.com\/site\/wp-json\/wp\/v2\/types\/page"}],"author":[{"embeddable":true,"href":"https:\/\/invoclic.com\/site\/wp-json\/wp\/v2\/users\/1"}],"replies":[{"embeddable":true,"href":"https:\/\/invoclic.com\/site\/wp-json\/wp\/v2\/comments?post=2462"}],"version-history":[{"count":18,"href":"https:\/\/invoclic.com\/site\/wp-json\/wp\/v2\/pages\/2462\/revisions"}],"predecessor-version":[{"id":2596,"href":"https:\/\/invoclic.com\/site\/wp-json\/wp\/v2\/pages\/2462\/revisions\/2596"}],"wp:attachment":[{"href":"https:\/\/invoclic.com\/site\/wp-json\/wp\/v2\/media?parent=2462"}],"curies":[{"name":"wp","href":"https:\/\/api.w.org\/{rel}","templated":true}]}}