{"id":1638,"date":"2019-07-02T05:19:10","date_gmt":"2019-07-02T05:19:10","guid":{"rendered":"https:\/\/victorthemes.com\/themes\/elate\/?page_id=1638"},"modified":"2021-07-19T23:49:54","modified_gmt":"2021-07-19T23:49:54","slug":"faq-page","status":"publish","type":"page","link":"https:\/\/invoclic.com\/site\/faq-page\/","title":{"rendered":"Preguntas Frecuentes"},"content":{"rendered":"\t\t<div data-elementor-type=\"wp-post\" data-elementor-id=\"1638\" class=\"elementor elementor-1638\" data-elementor-settings=\"[]\">\n\t\t\t\t\t\t\t<div class=\"elementor-section-wrap\">\n\t\t\t\t\t\t\t<section class=\"elementor-section elementor-top-section elementor-element elementor-element-75ccd726 elementor-section-boxed elementor-section-height-default elementor-section-height-default\" data-id=\"75ccd726\" data-element_type=\"section\">\n\t\t\t\t\t\t<div class=\"elementor-container elementor-column-gap-default\">\n\t\t\t\t\t<div class=\"elementor-column elementor-col-100 elementor-top-column elementor-element elementor-element-3e55535d\" data-id=\"3e55535d\" data-element_type=\"column\">\n\t\t\t<div class=\"elementor-widget-wrap elementor-element-populated\">\n\t\t\t\t\t\t\t\t<div class=\"elementor-element elementor-element-22afa8f9 elementor-widget elementor-widget-vt-elate_boot_accordion\" data-id=\"22afa8f9\" data-element_type=\"widget\" data-settings=\"{&quot;icon&quot;:&quot;icon-plus&quot;,&quot;active_icon&quot;:&quot;icon-minus&quot;}\" data-widget_type=\"vt-elate_boot_accordion.default\">\n\t\t\t\t<div class=\"elementor-widget-container\">\n\t\t\t<div class=\"normal-accordion\"><div id=\"accordion69f9e25d34b22\" class=\"accordion collapse-others\"><div class=\"card show\">\n\t\t\t\t\t              <div class=\"card-header\" id=\"headingOne169f9e25d34b27\">\n\t\t\t\t\t                <h4 class=\"accordion-title\">\n\t\t\t\t\t                  <a href=\"javascript:void(0);\"  data-toggle=\"collapse\" data-target=\"#ecltAcc-169f9e25d34b27\" aria-expanded=\"true\" aria-controls=\"ecltAcc-169f9e25d34b27\">\n\t\t\t\t\t                    \u00bfCu\u00e1ntas facturas puedo generar?\n\t\t\t\t\t                    <span class=\"acc-default-icon\"><i class=\"icon-plus\" aria-hidden=\"true\"><\/i><\/span>\n\t\t\t\t\t                    <span class=\"acc-active-icon\"><i class=\"icon-minus\" aria-hidden=\"true\"><\/i><\/span>\n\t\t\t\t\t                  <\/a>\n\t\t\t\t\t                <\/h4>\n\t\t\t\t\t              <\/div>\n\t\t\t\t\t              <div id=\"ecltAcc-169f9e25d34b27\" class=\"collapse show\" data-parent=\"#accordion69f9e25d34b22\">\n\t\t\t\t\t                <div class=\"card-body\"><p>Con InvoClic el timbrado es ilimitado.<\/p><\/div>\n\t\t\t\t\t              <\/div>\n\t\t\t\t\t            <\/div><div class=\"card\">\n\t\t\t\t\t              <div class=\"card-header\" id=\"headingOne269f9e25d34b41\">\n\t\t\t\t\t                <h4 class=\"accordion-title\">\n\t\t\t\t\t                  <a href=\"javascript:void(0);\" class=\"collapsed\" data-toggle=\"collapse\" data-target=\"#ecltAcc-269f9e25d34b41\" aria-expanded=\"true\" aria-controls=\"ecltAcc-269f9e25d34b41\">\n\t\t\t\t\t                    \u00bfHay soporte t\u00e9cnico?\n\t\t\t\t\t                    <span class=\"acc-default-icon\"><i class=\"icon-plus\" aria-hidden=\"true\"><\/i><\/span>\n\t\t\t\t\t                    <span class=\"acc-active-icon\"><i class=\"icon-minus\" aria-hidden=\"true\"><\/i><\/span>\n\t\t\t\t\t                  <\/a>\n\t\t\t\t\t                <\/h4>\n\t\t\t\t\t              <\/div>\n\t\t\t\t\t              <div id=\"ecltAcc-269f9e25d34b41\" class=\"collapse\" data-parent=\"#accordion69f9e25d34b22\">\n\t\t\t\t\t                <div class=\"card-body\"><p>Contamos con Soporte T\u00e9cnico y la comunicaci\u00f3n es por 3 medios<\/p><ul><li>Chat que esta disponible en el portal de InvoClic<\/li><li>Correo electr\u00f3nico<\/li><li>WhatsApp<\/li><\/ul><p>El soporte t\u00e9cnico tiene un horario de 9.00 am a 6:00 pm de Lunes a Viernes<\/p><\/div>\n\t\t\t\t\t              <\/div>\n\t\t\t\t\t            <\/div><div class=\"card\">\n\t\t\t\t\t              <div class=\"card-header\" id=\"headingOne369f9e25d34b51\">\n\t\t\t\t\t                <h4 class=\"accordion-title\">\n\t\t\t\t\t                  <a href=\"javascript:void(0);\" class=\"collapsed\" data-toggle=\"collapse\" data-target=\"#ecltAcc-369f9e25d34b51\" aria-expanded=\"true\" aria-controls=\"ecltAcc-369f9e25d34b51\">\n\t\t\t\t\t                    \u00bfPuedo tener Addendas en las facturas (XML)?\n\t\t\t\t\t                    <span class=\"acc-default-icon\"><i class=\"icon-plus\" aria-hidden=\"true\"><\/i><\/span>\n\t\t\t\t\t                    <span class=\"acc-active-icon\"><i class=\"icon-minus\" aria-hidden=\"true\"><\/i><\/span>\n\t\t\t\t\t                  <\/a>\n\t\t\t\t\t                <\/h4>\n\t\t\t\t\t              <\/div>\n\t\t\t\t\t              <div id=\"ecltAcc-369f9e25d34b51\" class=\"collapse\" data-parent=\"#accordion69f9e25d34b22\">\n\t\t\t\t\t                <div class=\"card-body\"><p>Nuestro servicio incluyen hasta 2 addendas pero si necesitas m\u00e1s se puede desarrollar con un costo extra por addenda<\/p><\/div>\n\t\t\t\t\t              <\/div>\n\t\t\t\t\t            <\/div><div class=\"card\">\n\t\t\t\t\t              <div class=\"card-header\" id=\"headingOne469f9e25d34b5f\">\n\t\t\t\t\t                <h4 class=\"accordion-title\">\n\t\t\t\t\t                  <a href=\"javascript:void(0);\" class=\"collapsed\" data-toggle=\"collapse\" data-target=\"#ecltAcc-469f9e25d34b5f\" aria-expanded=\"true\" aria-controls=\"ecltAcc-469f9e25d34b5f\">\n\t\t\t\t\t                    \u00bfIncluye las nuevas disposiciones de SAT?\n\t\t\t\t\t                    <span class=\"acc-default-icon\"><i class=\"icon-plus\" aria-hidden=\"true\"><\/i><\/span>\n\t\t\t\t\t                    <span class=\"acc-active-icon\"><i class=\"icon-minus\" aria-hidden=\"true\"><\/i><\/span>\n\t\t\t\t\t                  <\/a>\n\t\t\t\t\t                <\/h4>\n\t\t\t\t\t              <\/div>\n\t\t\t\t\t              <div id=\"ecltAcc-469f9e25d34b5f\" class=\"collapse\" data-parent=\"#accordion69f9e25d34b22\">\n\t\t\t\t\t                <div class=\"card-body\"><p>En el caso que haya nuestras disposiciones de SAT. Las incluye sin costo alguno<\/p><\/div>\n\t\t\t\t\t              <\/div>\n\t\t\t\t\t            <\/div><div class=\"card\">\n\t\t\t\t\t              <div class=\"card-header\" id=\"headingOne569f9e25d34b6e\">\n\t\t\t\t\t                <h4 class=\"accordion-title\">\n\t\t\t\t\t                  <a href=\"javascript:void(0);\" class=\"collapsed\" data-toggle=\"collapse\" data-target=\"#ecltAcc-569f9e25d34b6e\" aria-expanded=\"true\" aria-controls=\"ecltAcc-569f9e25d34b6e\">\n\t\t\t\t\t                    \u00bfC\u00f3mo se paga InvoClic?\n\t\t\t\t\t                    <span class=\"acc-default-icon\"><i class=\"icon-plus\" aria-hidden=\"true\"><\/i><\/span>\n\t\t\t\t\t                    <span class=\"acc-active-icon\"><i class=\"icon-minus\" aria-hidden=\"true\"><\/i><\/span>\n\t\t\t\t\t                  <\/a>\n\t\t\t\t\t                <\/h4>\n\t\t\t\t\t              <\/div>\n\t\t\t\t\t              <div id=\"ecltAcc-569f9e25d34b6e\" class=\"collapse\" data-parent=\"#accordion69f9e25d34b22\">\n\t\t\t\t\t                <div class=\"card-body\"><p>InvoClic se paga anualmente para mayor informaci\u00f3n de los precios por favor llene nuestro formulario de contacto.<\/p><\/div>\n\t\t\t\t\t              <\/div>\n\t\t\t\t\t            <\/div><div class=\"card\">\n\t\t\t\t\t              <div class=\"card-header\" id=\"headingOne669f9e25d34b7c\">\n\t\t\t\t\t                <h4 class=\"accordion-title\">\n\t\t\t\t\t                  <a href=\"javascript:void(0);\" class=\"collapsed\" data-toggle=\"collapse\" data-target=\"#ecltAcc-669f9e25d34b7c\" aria-expanded=\"true\" aria-controls=\"ecltAcc-669f9e25d34b7c\">\n\t\t\t\t\t                    \u00bfQu\u00e9 beneficios tengo al estar con InvoClic?\n\t\t\t\t\t                    <span class=\"acc-default-icon\"><i class=\"icon-plus\" aria-hidden=\"true\"><\/i><\/span>\n\t\t\t\t\t                    <span class=\"acc-active-icon\"><i class=\"icon-minus\" aria-hidden=\"true\"><\/i><\/span>\n\t\t\t\t\t                  <\/a>\n\t\t\t\t\t                <\/h4>\n\t\t\t\t\t              <\/div>\n\t\t\t\t\t              <div id=\"ecltAcc-669f9e25d34b7c\" class=\"collapse\" data-parent=\"#accordion69f9e25d34b22\">\n\t\t\t\t\t                <div class=\"card-body\"><p>InvoClic siempre esta en mejora continua, escuchamos a nuestros clientes para tener el mejor sistema de timbrado dise\u00f1ado para PLEX.\u00a0<\/p><\/div>\n\t\t\t\t\t              <\/div>\n\t\t\t\t\t            <\/div><\/div><\/div>\t\t<\/div>\n\t\t\t\t<\/div>\n\t\t\t\t\t<\/div>\n\t\t<\/div>\n\t\t\t\t\t\t\t<\/div>\n\t\t<\/section>\n\t\t\t\t\t\t<\/div>\n\t\t\t\t\t<\/div>\n\t\t","protected":false},"excerpt":{"rendered":"\u00bfCu\u00e1ntas facturas puedo generar? Con InvoClic el timbrado es ilimitado. \u00bfHay soporte t\u00e9cnico? Contamos con Soporte T\u00e9cnico y la comunicaci\u00f3n es por 3 medios Chat que esta disponible en el portal de InvoClic Correo electr\u00f3nico WhatsApp El soporte t\u00e9cnico tiene un horario de 9.00 am a 6:00 pm de Lunes a Viernes \u00bfPuedo tener Addendas[&#8230;]","protected":false},"author":1,"featured_media":0,"parent":0,"menu_order":0,"comment_status":"closed","ping_status":"closed","template":"","meta":{"_monsterinsights_skip_tracking":false,"_monsterinsights_sitenote_active":false,"_monsterinsights_sitenote_note":"","_monsterinsights_sitenote_category":0,"footnotes":""},"class_list":["post-1638","page","type-page","status-publish","hentry"],"aioseo_notices":[],"_links":{"self":[{"href":"https:\/\/invoclic.com\/site\/wp-json\/wp\/v2\/pages\/1638","targetHints":{"allow":["GET"]}}],"collection":[{"href":"https:\/\/invoclic.com\/site\/wp-json\/wp\/v2\/pages"}],"about":[{"href":"https:\/\/invoclic.com\/site\/wp-json\/wp\/v2\/types\/page"}],"author":[{"embeddable":true,"href":"https:\/\/invoclic.com\/site\/wp-json\/wp\/v2\/users\/1"}],"replies":[{"embeddable":true,"href":"https:\/\/invoclic.com\/site\/wp-json\/wp\/v2\/comments?post=1638"}],"version-history":[{"count":10,"href":"https:\/\/invoclic.com\/site\/wp-json\/wp\/v2\/pages\/1638\/revisions"}],"predecessor-version":[{"id":2490,"href":"https:\/\/invoclic.com\/site\/wp-json\/wp\/v2\/pages\/1638\/revisions\/2490"}],"wp:attachment":[{"href":"https:\/\/invoclic.com\/site\/wp-json\/wp\/v2\/media?parent=1638"}],"curies":[{"name":"wp","href":"https:\/\/api.w.org\/{rel}","templated":true}]}}